{"id":898,"date":"2022-03-07T13:10:43","date_gmt":"2022-03-07T12:10:43","guid":{"rendered":"https:\/\/parier-presidentielle.com\/?page_id=898"},"modified":"2023-09-23T21:23:58","modified_gmt":"2023-09-23T19:23:58","slug":"plan","status":"publish","type":"page","link":"https:\/\/parier-presidentielle.com\/tr\/plan\/","title":{"rendered":"Parier-Presidentielle.com Site Haritalar\u0131"},"content":{"rendered":"<div class=\"wp-block-group is-layout-flow wp-block-group-is-layout-flow\"><div class=\"wp-block-group__inner-container\">\n<div class=\"wp-block-group is-layout-flow wp-block-group-is-layout-flow\"><div class=\"wp-block-group__inner-container\">\n<p>Site haritas\u0131na ho\u015f geldiniz! Paris&#039;inizin siyasetle ilgili t\u00fcm ba\u011flant\u0131lar\u0131n\u0131 bulun, b\u00f6ylece ilk kez bahis oynamak i\u00e7in ihtiyac\u0131n\u0131z olan t\u00fcm bilgilere sahip olacaks\u0131n\u0131z. T\u0131pk\u0131 t\u00fcm se\u00e7imlerdeki t\u00fcm oranlar\u0131 takip edebilece\u011finiz gibi: Frans\u0131z, Amerikan\u2026<br><br><br>Parier-Presidentielle.com&#039;un Frans\u0131zca versiyonu:<br><a href=\"https:\/\/parier-presidentielle.com\/tr\/\">Bahis-Ba\u015fkanl\u0131k: 2024 Amerikan se\u00e7imlerinde bahis yapma rehberi<\/a><br>Parier-Presidentielle.com&#039;un \u0130ngilizce versiyonu:<br><a href=\"https:\/\/parier-presidentielle.com\/en\/\">2024 ABD Ba\u015fkanl\u0131k Se\u00e7imi Bahis Rehberi<\/a><\/p>\n\n\n\n<p>Parier-Presidentielle.com&#039;un \u0130spanyolca versiyonu: <br><a href=\"https:\/\/parier-presidentielle.com\/es\/\">Apuesta de Elecciones Cumhurba\u015fkanl\u0131klar\u0131 Francia Politica<\/a><\/p>\n<\/div><\/div>\n<\/div><\/div>\n\n\n\n<div class=\"wp-block-group is-layout-flow wp-block-group-is-layout-flow\"><div class=\"wp-block-group__inner-container\">\n<p><\/p>\n<\/div><\/div>\n\n\n\n<div class=\"wsp-container\"><h2 class=\"wsp-pages-title\"><span id=\"pages\">Sayfalar<\/span><\/h2>\n<ul class=\"wsp-pages-list\">\n<li class=\"page_item page-item-525\"><a href=\"https:\/\/parier-presidentielle.com\/tr\/1xbit-politikasi\/\">1xBit: Bitcoin&#039;de Politika \u00fczerine bahis yapmak<\/a><\/li>\n<li class=\"page_item page-item-1789\"><a href=\"https:\/\/parier-presidentielle.com\/tr\/arjantin-fransa-final-dunya-kupasi-2022-unibet-bwin\/\">Arjantin \u2013 Fransa: 2022 D\u00fcnya Kupas\u0131 Finali<\/a><\/li>\n<li class=\"page_item page-item-163\"><a href=\"https:\/\/parier-presidentielle.com\/tr\/asselineau-bahisciler\/\">Asselineau Bahis\u00e7iler: Bahis, Oranlar ve Tahminler<\/a><\/li>\n<li class=\"page_item page-item-121\"><a href=\"https:\/\/parier-presidentielle.com\/tr\/asselineau-bahisci-unibet-bwin\/\">Les Bookmakers Bwin, Unibet&#039;e g\u00f6re Asselineau ve Ba\u015fkanl\u0131k Se\u00e7imi<\/a><\/li>\n<li class=\"page_item page-item-709\"><a href=\"https:\/\/parier-presidentielle.com\/tr\/betclic-amerikan-secim-2024\/\">Betclic: 2024 Amerika Ba\u015fkanl\u0131k Se\u00e7imine Bahis Yap\u0131n<\/a><\/li>\n<li class=\"page_item page-item-235\"><a href=\"https:\/\/parier-presidentielle.com\/tr\/betclic-baskanlik-2022\/\">Betclic: 2022 Cumhurba\u015fkanl\u0131\u011f\u0131 se\u00e7imine bahis yap\u0131n<\/a><\/li>\n<li class=\"page_item page-item-269\"><a href=\"https:\/\/parier-presidentielle.com\/tr\/bahisci-secim-siyaset-2022\/\">Bahis\u00e7i: Politika ve 2022 ba\u015fkanl\u0131k se\u00e7imi \u00fczerine bahis oynamak i\u00e7in en iyi yer neresidir?<\/a><\/li>\n<li class=\"page_item page-item-195\"><a href=\"https:\/\/parier-presidentielle.com\/tr\/bahisci-siyaset\/\">Bahis\u00e7i ve Politika: Frans\u0131z se\u00e7imleri \u00fczerine Paris<\/a><\/li>\n<li class=\"page_item page-item-250\"><a href=\"https:\/\/parier-presidentielle.com\/tr\/bwin-policy-secim-2022\/\">Bwin: 2022 Cumhurba\u015fkanl\u0131\u011f\u0131 Se\u00e7imi Bahisleri i\u00e7in Bahis\u00e7i<\/a><\/li>\n<li class=\"page_item page-item-557\"><a href=\"https:\/\/parier-presidentielle.com\/tr\/bwin-politika-bahisleri\/\">Bwin: Politika Bahisleri<\/a><\/li>\n<li class=\"page_item page-item-68\"><a href=\"https:\/\/parier-presidentielle.com\/tr\/emmanuel-macron-deniz-le-pen-eric-zemmour-anketi\/\">Cumhurba\u015fkanl\u0131\u011f\u0131 Se\u00e7imi 2022: Anketlere g\u00f6re Emmanuel Macron ve Marine Le Pen ikinci turda olacak<\/a><\/li>\n<li class=\"page_item page-item-1946\"><a href=\"https:\/\/parier-presidentielle.com\/tr\/joe-biden-esrar-hhc\/\">Joe Biden ve Esrar Pazar\u0131, HHC<\/a><\/li>\n<li class=\"page_item page-item-1956\"><a href=\"https:\/\/parier-presidentielle.com\/tr\/donald-trump-on-the-esrar-ve-hhc-pazari\/\">Donald Trump&#039;\u0131n Esrar ve HHC pazar\u0131 \u00fczerindeki etkisi<\/a><\/li>\n<li class=\"page_item page-item-951\"><a href=\"https:\/\/parier-presidentielle.com\/tr\/bahisciler-anketler-cumhurbaskanligi-secimi\/\">Bahis\u00e7iler: ba\u015fkanl\u0131k se\u00e7imlerinde anketlerden daha g\u00fcvenilir<\/a><\/li>\n<li class=\"page_item page-item-54\"><a href=\"https:\/\/parier-presidentielle.com\/tr\/bahisciler-secim\/\">Bahis\u00e7iler ve Cumhurba\u015fkanl\u0131\u011f\u0131 Se\u00e7imi<\/a><\/li>\n<li class=\"page_item page-item-208\"><a href=\"https:\/\/parier-presidentielle.com\/tr\/bahisciler-macron-le-kalem\/\">Bahis\u00e7ilerin Oranlar\u0131: Unibet, Bwin, Betclic \u0130kinci Tura Bahis Yapacak Macron \u2013 Le Pen<\/a><\/li>\n<li class=\"page_item page-item-1671\"><a href=\"https:\/\/parier-presidentielle.com\/tr\/oran-bahisciler-ikinci-tur-brezilya-secimleri-lula-bolsonaro\/\">Lula ve Bolsonaro aras\u0131ndaki Brezilya se\u00e7imlerinin 2. turu i\u00e7in bahis\u00e7ilerin oranlar\u0131<\/a><\/li>\n<li class=\"page_item page-item-30\"><a href=\"https:\/\/parier-presidentielle.com\/tr\/macron-le-kalem-bahisci\/\">Macron \u2013 Le Pen: Bahis\u00e7iler cumhurba\u015fkanl\u0131\u011f\u0131 se\u00e7imlerinin \u0130kinci turu i\u00e7in Oranlar\u0131n\u0131 veriyor<\/a><\/li>\n<li class=\"page_item page-item-255\"><a href=\"https:\/\/parier-presidentielle.com\/tr\/netbet-paris-politika-secim-2022\/\">NetBet: Politika ve 2022 Cumhurba\u015fkanl\u0131\u011f\u0131 se\u00e7imleri \u00fczerine bahisler<\/a><\/li>\n<li class=\"page_item page-item-1738\"><a href=\"https:\/\/parier-presidentielle.com\/tr\/unibet-bet-dunya-kupasi-2022\/\">Unibet ile 2022 D\u00fcnya Kupas\u0131&#039;na bahis yap\u0131n<\/a><\/li>\n<li class=\"page_item page-item-31\"><a href=\"https:\/\/parier-presidentielle.com\/tr\/macron-secim\/\">Emmanuel Macron&#039;un se\u00e7ilmesi \u00fczerine bahis<\/a><\/li>\n<li class=\"page_item page-item-38\"><a href=\"https:\/\/parier-presidentielle.com\/tr\/zemmour-secim\/\">Eric Zemmour&#039;un se\u00e7ilmesi \u00fczerine bahis<\/a><\/li>\n<li class=\"page_item page-item-41\"><a href=\"https:\/\/parier-presidentielle.com\/tr\/marine-le-pen-secim\/\">Marine Le Pen&#039;in se\u00e7ilmesi \u00fczerine bahis<\/a><\/li>\n<li class=\"page_item page-item-281\"><a href=\"https:\/\/parier-presidentielle.com\/tr\/anne-hidalgo-secim-2022\/\">Anne Hidalgo 2022&#039;nin se\u00e7ilmesine bahis yap\u0131n<\/a><\/li>\n<li class=\"page_item page-item-157\"><a href=\"https:\/\/parier-presidentielle.com\/tr\/asselineau-secim\/\">Fran\u00e7ois Asselineau&#039;nun se\u00e7ilmesi \u00fczerine bahis<\/a><\/li>\n<li class=\"page_item page-item-212\"><a href=\"https:\/\/parier-presidentielle.com\/tr\/melenchon-secim\/\">Jean-Luc M\u00e9lenchon&#039;un se\u00e7ilmesi \u00fczerine bahis<\/a><\/li>\n<li class=\"page_item page-item-422\"><a href=\"https:\/\/parier-presidentielle.com\/tr\/valerie-pecresse-secim\/\">Val\u00e9rie P\u00e9cresse&#039;nin se\u00e7ilmesi \u00fczerine bahis<\/a><\/li>\n<li class=\"page_item page-item-24\"><a href=\"https:\/\/parier-presidentielle.com\/tr\/\">En iyi Bahis\u00e7iler ile Politika ve Se\u00e7imlere Bahis Yap\u0131n: Unibet, Bwin<\/a><\/li>\n<li class=\"page_item page-item-576\"><a href=\"https:\/\/parier-presidentielle.com\/tr\/paris-aday-yuksek-mahkeme-birlesik-devletler\/\">Amerika Birle\u015fik Devletleri Y\u00fcksek Mahkemesi Aday\u0131 \u00dczerine Bahisler<\/a><\/li>\n<li class=\"page_item page-item-898\"><a href=\"https:\/\/parier-presidentielle.com\/tr\/plan\/\">Parier-Presidentielle.com Site Haritalar\u0131<\/a><\/li>\n<li class=\"page_item page-item-2\"><a href=\"https:\/\/parier-presidentielle.com\/tr\/unibet-policy-secim-2022\/\">Unibet: 2022 Cumhurba\u015fkanl\u0131\u011f\u0131 Se\u00e7imi i\u00e7in \u00c7evrimi\u00e7i Bahis<\/a><\/li>\n<li class=\"page_item page-item-1962\"><a href=\"https:\/\/parier-presidentielle.com\/tr\/vladimir-putin-ne-gorus-on-the-esrar-pazar-ve-hhc\/\">Vladimir Putin Esrar ve HHC pazar\u0131 hakk\u0131nda ne d\u00fc\u015f\u00fcn\u00fcyorsunuz?<\/a><\/li>\n<li class=\"page_item page-item-1459\"><a href=\"https:\/\/parier-presidentielle.com\/tr\/william-hill-baskanlik\/\">William Hill: 2022 Fransa Cumhurba\u015fkanl\u0131\u011f\u0131 Se\u00e7imi i\u00e7in Bahis Yapan \u0130ngiliz Bahis\u00e7i<\/a><\/li>\n<li class=\"page_item page-item-257\"><a href=\"https:\/\/parier-presidentielle.com\/tr\/winamax-policy-secim-2022\/\">Winamax: Politika ve 2022 Cumhurba\u015fkanl\u0131\u011f\u0131 se\u00e7imleri \u00fczerine bahis oynamak<\/a><\/li>\n<\/ul>\n<h2 class=\"wsp-posts-title\"><span id=\"posts-by-category\">Kategoriye g\u00f6re g\u00f6nderiler<\/span><\/h2>\n<ul class=\"wsp-posts-list\">\n\t<li><strong class=\"wsp-category-title\">Kategori: <a href=\"https:\/\/parier-presidentielle.com\/tr\/category\/siniflandirilmamis\/\">s\u0131n\u0131fland\u0131r\u0131lmam\u0131\u015f<\/a><\/strong>\n<ul class=\"wsp-posts-list\">\t\t<li class=\"wsp-post\"><a href=\"https:\/\/parier-presidentielle.com\/tr\/2022-baskanlik-secimleri-dunyanin-her-yerindeki-bahisciler-ikinci-tur-bahisleri-oynuyorlar\/\">Cumhurba\u015fkanl\u0131\u011f\u0131 Se\u00e7imleri 2022: D\u00fcnyan\u0131n Her Yerinden Bahis\u00e7iler \u0130kinci Tura Bahis Yap\u0131yor!<\/a><\/li>\n\t\t<li class=\"wsp-post\"><a href=\"https:\/\/parier-presidentielle.com\/tr\/fransa-secim-kim-adaylar\/\">Fransa Se\u00e7imi: Adaylar kimler?<\/a><\/li>\n\t\t<li class=\"wsp-post\"><a href=\"https:\/\/parier-presidentielle.com\/tr\/macron-bahisciler-anketi\/\">Ukrayna&#039;daki sava\u015f\u0131n ard\u0131ndan bahis\u00e7ilerin g\u00f6zdesi Macron<\/a><\/li>\n<\/ul><\/li>\n<\/ul>\n<h2 class=\"wsp-admin_menus-title\"><span id=\"admin-menus\">Y\u00f6netici Men\u00fcleri<\/span><\/h2>\n<ul class=\"wsp-admin_menus-list\">\n<li><a href=\"https:\/\/parier-presidentielle.com\/tr\/admin_menu\/mon-menu\/\">Men\u00fcm<\/a><\/li>\n<\/ul>\n<h2 class=\"wsp-admin_toolbars-title\"><span id=\"admin-toolbars\">Y\u00f6netici Ara\u00e7 \u00c7ubuklar\u0131<\/span><\/h2>\n<ul class=\"wsp-admin_toolbars-list\">\n<li><a href=\"https:\/\/parier-presidentielle.com\/tr\/admin_toolbar\/back-end\/\">Arka ve \u00d6n U\u00e7<\/a><\/li>\n<\/ul>\n<h2 class=\"wsp-hide_plugins-title\"><span id=\"hide-plugins\">Eklentileri Gizle<\/span><\/h2>\n<ul class=\"wsp-hide_plugins-list\">\n<li><a href=\"https:\/\/parier-presidentielle.com\/tr\/hide_plugin\/hide-plugin\/\">Eklentiyi Gizle<\/a><\/li>\n<\/ul>\n<\/div>\n\n\n\n<p><\/p>\n<div id=\"toc_container\" class=\"no_bullets\"><p class=\"toc_title\">\u0130\u00e7indekiler<\/p><ul class=\"toc_list\"><li><\/li><li><\/li><li><\/li><li><\/li><li><\/li><\/ul><\/div>","protected":false},"excerpt":{"rendered":"<p>Bienvenue sur plan du site! Retrouver l&#8217;int\u00e9gralit\u00e9 des liens ainsi pour vour le Paris sur la politique ainsi vous aurez toutes connaissance n\u00e9cessaire pour r\u00e9aliser parier pour la premiere fois. De meme que vous pourrez suivre toutes les cotes sur toutes les \u00e9lections : Francaises, Am\u00e9ricaines&#8230; Version Francaise de Parier-Presidentielle.com :Parier-Pr\u00e9sidentielle : guide pour parier &#8230;<\/p>","protected":false},"author":1,"featured_media":0,"parent":0,"menu_order":0,"comment_status":"closed","ping_status":"closed","template":"page-nosidebar.php","meta":{"footnotes":""},"yoast_head":"<!-- This site is optimized with the Yoast SEO Premium plugin v21.0 (Yoast SEO v21.0) - https:\/\/yoast.com\/wordpress\/plugins\/seo\/ -->\n<title>Plans du site de Parier-Presidentielle.com - Finale Coupe du Monde FIFA<\/title>\n<meta name=\"description\" content=\"Int\u00e9gralit\u00e9 et guide du site\" \/>\n<meta name=\"robots\" content=\"index, follow, max-snippet:-1, max-image-preview:large, max-video-preview:-1\" \/>\n<link rel=\"canonical\" href=\"https:\/\/parier-presidentielle.com\/tr\/plan\/\" \/>\n<meta property=\"og:locale\" content=\"tr_TR\" \/>\n<meta property=\"og:type\" content=\"article\" \/>\n<meta property=\"og:title\" content=\"Plans du site de Parier-Presidentielle.com\" \/>\n<meta property=\"og:description\" content=\"Int\u00e9gralit\u00e9 et guide du site\" \/>\n<meta property=\"og:url\" content=\"https:\/\/parier-presidentielle.com\/tr\/plan\/\" \/>\n<meta property=\"og:site_name\" content=\"Parier Pr\u00e9sidentielle\" \/>\n<meta property=\"article:modified_time\" content=\"2023-09-23T19:23:58+00:00\" \/>\n<meta name=\"twitter:card\" content=\"summary_large_image\" \/>\n<meta name=\"twitter:label1\" content=\"Est. reading time\" \/>\n\t<meta name=\"twitter:data1\" content=\"1 dakika\" \/>\n<script type=\"application\/ld+json\" class=\"yoast-schema-graph\">{\"@context\":\"https:\/\/schema.org\",\"@graph\":[{\"@type\":\"WebPage\",\"@id\":\"https:\/\/parier-presidentielle.com\/plan\/\",\"url\":\"https:\/\/parier-presidentielle.com\/plan\/\",\"name\":\"Plans du site de Parier-Presidentielle.com - Finale Coupe du Monde FIFA\",\"isPartOf\":{\"@id\":\"https:\/\/parier-presidentielle.com\/#website\"},\"datePublished\":\"2022-03-07T12:10:43+00:00\",\"dateModified\":\"2023-09-23T19:23:58+00:00\",\"description\":\"Int\u00e9gralit\u00e9 et guide du site\",\"breadcrumb\":{\"@id\":\"https:\/\/parier-presidentielle.com\/plan\/#breadcrumb\"},\"inLanguage\":\"tr\",\"potentialAction\":[{\"@type\":\"ReadAction\",\"target\":[\"https:\/\/parier-presidentielle.com\/plan\/\"]}]},{\"@type\":\"BreadcrumbList\",\"@id\":\"https:\/\/parier-presidentielle.com\/plan\/#breadcrumb\",\"itemListElement\":[{\"@type\":\"ListItem\",\"position\":1,\"name\":\"Accueil\",\"item\":\"https:\/\/parier-presidentielle.com\/\"},{\"@type\":\"ListItem\",\"position\":2,\"name\":\"Plans du site de Parier-Presidentielle.com\"}]},{\"@type\":\"WebSite\",\"@id\":\"https:\/\/parier-presidentielle.com\/#website\",\"url\":\"https:\/\/parier-presidentielle.com\/\",\"name\":\"Parier Pr\u00e9sidentielle\",\"description\":\"Paris, Pronostics, Wiki sur la Politique, les Elections Am\u00e9ricaines: Joe Biden, Donald Trump avec les Bookmakers en ligne Unibet, Bwin, Betclic, Winamax\",\"potentialAction\":[{\"@type\":\"SearchAction\",\"target\":{\"@type\":\"EntryPoint\",\"urlTemplate\":\"https:\/\/parier-presidentielle.com\/?s={search_term_string}\"},\"query-input\":\"required name=search_term_string\"}],\"inLanguage\":\"tr\"}]}<\/script>\n<!-- \/ Yoast SEO Premium plugin. -->","yoast_head_json":{"title":"Plans du site de Parier-Presidentielle.com - Finale Coupe du Monde FIFA","description":"Int\u00e9gralit\u00e9 et guide du site","robots":{"index":"index","follow":"follow","max-snippet":"max-snippet:-1","max-image-preview":"max-image-preview:large","max-video-preview":"max-video-preview:-1"},"canonical":"https:\/\/parier-presidentielle.com\/tr\/plan\/","og_locale":"tr_TR","og_type":"article","og_title":"Plans du site de Parier-Presidentielle.com","og_description":"Int\u00e9gralit\u00e9 et guide du site","og_url":"https:\/\/parier-presidentielle.com\/tr\/plan\/","og_site_name":"Parier Pr\u00e9sidentielle","article_modified_time":"2023-09-23T19:23:58+00:00","twitter_card":"summary_large_image","twitter_misc":{"Est. reading time":"1 dakika"},"schema":{"@context":"https:\/\/schema.org","@graph":[{"@type":"WebPage","@id":"https:\/\/parier-presidentielle.com\/plan\/","url":"https:\/\/parier-presidentielle.com\/plan\/","name":"Plans du site de Parier-Presidentielle.com - Finale Coupe du Monde FIFA","isPartOf":{"@id":"https:\/\/parier-presidentielle.com\/#website"},"datePublished":"2022-03-07T12:10:43+00:00","dateModified":"2023-09-23T19:23:58+00:00","description":"Int\u00e9gralit\u00e9 et guide du site","breadcrumb":{"@id":"https:\/\/parier-presidentielle.com\/plan\/#breadcrumb"},"inLanguage":"tr","potentialAction":[{"@type":"ReadAction","target":["https:\/\/parier-presidentielle.com\/plan\/"]}]},{"@type":"BreadcrumbList","@id":"https:\/\/parier-presidentielle.com\/plan\/#breadcrumb","itemListElement":[{"@type":"ListItem","position":1,"name":"Accueil","item":"https:\/\/parier-presidentielle.com\/"},{"@type":"ListItem","position":2,"name":"Plans du site de Parier-Presidentielle.com"}]},{"@type":"WebSite","@id":"https:\/\/parier-presidentielle.com\/#website","url":"https:\/\/parier-presidentielle.com\/","name":"Parier Pr\u00e9sidentielle","description":"Paris, Pronostics, Wiki sur la Politique, les Elections Am\u00e9ricaines: Joe Biden, Donald Trump avec les Bookmakers en ligne Unibet, Bwin, Betclic, Winamax","potentialAction":[{"@type":"SearchAction","target":{"@type":"EntryPoint","urlTemplate":"https:\/\/parier-presidentielle.com\/?s={search_term_string}"},"query-input":"required name=search_term_string"}],"inLanguage":"tr"}]}},"_links":{"self":[{"href":"https:\/\/parier-presidentielle.com\/tr\/wp-json\/wp\/v2\/pages\/898"}],"collection":[{"href":"https:\/\/parier-presidentielle.com\/tr\/wp-json\/wp\/v2\/pages"}],"about":[{"href":"https:\/\/parier-presidentielle.com\/tr\/wp-json\/wp\/v2\/types\/page"}],"author":[{"embeddable":true,"href":"https:\/\/parier-presidentielle.com\/tr\/wp-json\/wp\/v2\/users\/1"}],"replies":[{"embeddable":true,"href":"https:\/\/parier-presidentielle.com\/tr\/wp-json\/wp\/v2\/comments?post=898"}],"version-history":[{"count":12,"href":"https:\/\/parier-presidentielle.com\/tr\/wp-json\/wp\/v2\/pages\/898\/revisions"}],"predecessor-version":[{"id":2564,"href":"https:\/\/parier-presidentielle.com\/tr\/wp-json\/wp\/v2\/pages\/898\/revisions\/2564"}],"wp:attachment":[{"href":"https:\/\/parier-presidentielle.com\/tr\/wp-json\/wp\/v2\/media?parent=898"}],"curies":[{"name":"wp","href":"https:\/\/api.w.org\/{rel}","templated":true}]}}