{"id":951,"date":"2022-03-08T15:51:23","date_gmt":"2022-03-08T14:51:23","guid":{"rendered":"https:\/\/parier-presidentielle.com\/?page_id=951"},"modified":"2022-03-30T23:38:42","modified_gmt":"2022-03-30T21:38:42","slug":"bookmakers-sondages-election-presidentielle","status":"publish","type":"page","link":"https:\/\/parier-presidentielle.com\/tr\/bahisciler-anketler-cumhurbaskanligi-secimi\/","title":{"rendered":"Bahis\u00e7iler: ba\u015fkanl\u0131k se\u00e7imlerinde anketlerden daha g\u00fcvenilir"},"content":{"rendered":"<h2 class=\"wp-block-heading\"><span id=\"le-paradoxe-des-sondages-politiques\">Siyasi Anketlerin Paradoksu<\/span><\/h2>\n\n\n\n<p><br><em>Anket teknikleri hakk\u0131nda daha fazla insan \u00f6\u011frendik\u00e7e ve sonu\u00e7lara maruz kald\u0131k\u00e7a, sonu\u00e7lar daha fazla \u00f6nyarg\u0131l\u0131 hale geldi. Neden? Niye?<\/em><\/p>\n\n\n\n<figure class=\"wp-block-image size-large wp-duotone-000096-rgba2557171051-1\"><img decoding=\"async\" loading=\"lazy\" width=\"1024\" height=\"545\" src=\"https:\/\/parier-presidentielle.com\/wp-content\/uploads\/2022\/03\/bookmakers-sondages-election-presidentielle-1024x545.jpg\" alt=\"\" class=\"wp-image-965\" srcset=\"https:\/\/parier-presidentielle.com\/wp-content\/uploads\/2022\/03\/bookmakers-sondages-election-presidentielle-1024x545.jpg 1024w, https:\/\/parier-presidentielle.com\/wp-content\/uploads\/2022\/03\/bookmakers-sondages-election-presidentielle-300x160.jpg 300w, https:\/\/parier-presidentielle.com\/wp-content\/uploads\/2022\/03\/bookmakers-sondages-election-presidentielle-768x409.jpg 768w, https:\/\/parier-presidentielle.com\/wp-content\/uploads\/2022\/03\/bookmakers-sondages-election-presidentielle-1536x818.jpg 1536w, https:\/\/parier-presidentielle.com\/wp-content\/uploads\/2022\/03\/bookmakers-sondages-election-presidentielle-2048x1091.jpg 2048w\" sizes=\"(max-width: 1024px) 100vw, 1024px\" \/><\/figure>\n\n\n\n<p>Uzun ge\u00e7mi\u015flerine ra\u011fmen, se\u00e7im \u00f6ncesi anketlerin b\u00fcy\u00fck bir kusuru var: Ankete kat\u0131lanlar\u0131n yalan s\u00f6yleme, fikirlerini de\u011fi\u015ftirme ve ge\u00e7mi\u015f oylarda hile yapma konusunda \u00f6zg\u00fcr iradeleri var. Birle\u015fik Krall\u0131k ve Amerika Birle\u015fik Devletleri&#039;ndeki son \u00f6rnekler, n\u00fcfusun b\u00fcy\u00fck bir k\u0131sm\u0131n\u0131n ya ankete kat\u0131lan \u00f6rneklemde temsil edilmedi\u011fini ve bu nedenle d\u00fczeltilmesinin zor oldu\u011funu ya da do\u011frudan veya g\u00f6n\u00fcll\u00fc fakt\u00f6rlere ba\u011fl\u0131 olarak oy verme niyetlerini son dakikada de\u011fi\u015ftirdi\u011fini g\u00f6stermektedir (ger\u00e7e\u011fe dayal\u0131 bir ger\u00e7ektir) istatistiksel \u00f6rnek anketlerde bu de\u011fi\u015fikli\u011fin nedeninin izlenmesini zorla\u015ft\u0131rmaktad\u0131r). Bu se\u00e7imde de a\u00e7\u0131k\u00e7a g\u00f6r\u00fclen bir durum, se\u00e7men say\u0131s\u0131nda rekor!<\/p>\n\n\n\n<div class=\"wp-block-columns is-layout-flex wp-container-5 wp-block-columns-is-layout-flex\">\n<div class=\"wp-block-column is-layout-flow wp-block-column-is-layout-flow\" style=\"flex-basis:100%\">\n<div class=\"wp-block-columns is-layout-flex wp-container-3 wp-block-columns-is-layout-flex\">\n<div class=\"wp-block-column is-layout-flow wp-block-column-is-layout-flow\" style=\"flex-basis:100%\">\n<center><script type=\"text\/javascript\" charset=\"utf-8\" src=\"https:\/\/www.gambling-affiliation.com\/cpm\/v=AmIMTDSs92QY6b0MzDMvM5laCjJ-ZlA-1oQ-7tKsi.w_GA7331V2\"><\/script><\/center>\n\n\n\n<p><\/p>\n\n\n\n<div class=\"wp-block-image is-style-default\"><figure class=\"aligncenter size-medium\"><a href=\"https:\/\/parier-presidentielle.com\/tr\/recommends\/unibet-logo\/\" target=\"_blank\" rel=\"no follow noopener\"><img decoding=\"async\" loading=\"lazy\" width=\"300\" height=\"169\" src=\"https:\/\/parier-presidentielle.com\/wp-content\/uploads\/2022\/04\/unibet-300x169.jpg\" alt=\"\" class=\"wp-image-1252\" srcset=\"https:\/\/parier-presidentielle.com\/wp-content\/uploads\/2022\/04\/unibet-300x169.jpg 300w, https:\/\/parier-presidentielle.com\/wp-content\/uploads\/2022\/04\/unibet-1024x576.jpg 1024w, https:\/\/parier-presidentielle.com\/wp-content\/uploads\/2022\/04\/unibet-768x432.jpg 768w, https:\/\/parier-presidentielle.com\/wp-content\/uploads\/2022\/04\/unibet-18x10.jpg 18w, https:\/\/parier-presidentielle.com\/wp-content\/uploads\/2022\/04\/unibet.jpg 1280w\" sizes=\"(max-width: 300px) 100vw, 300px\" \/><\/a><\/figure><\/div>\n<\/div>\n<\/div>\n<\/div>\n<\/div>\n\n\n\n<p>Ya \u00e7ok fazla anket onlar\u0131 modas\u0131 ge\u00e7mi\u015f yaparsa? Ve \u015f\u00f6yle tan\u0131mlayaca\u011f\u0131m bir paradoksla kar\u015f\u0131 kar\u015f\u0131ya kalsayd\u0131k:<strong> Anket tekniklerini ne kadar \u00e7ok insan anlar ve sonu\u00e7lara maruz kal\u0131rsa, sonu\u00e7lar o kadar tarafl\u0131 olur\u201d<\/strong> ?<br>Hangisi i\u00e7in durum b\u00f6yle de\u011fil <a href=\"https:\/\/parier-presidentielle.com\/tr\/bahisciler-anketler-cumhurbaskanligi-secimi\/\">bahis\u00e7iler<\/a> \u00f6rne\u011fin Unibet, <a href=\"https:\/\/parier-presidentielle.com\/tr\/bwin-policy-secim-2022\/\">Bwin<\/a>, Betclic\u2026<\/p>\n\n\n\n<div class=\"flourish-embed flourish-chart\" data-src=\"visualisation\/8788732\"><script src=\"https:\/\/public.flourish.studio\/resources\/embed.js\"><\/script><\/div>\n\n\n\n<h2 class=\"wp-block-heading\"><span id=\"les-sondages-politique-face-aux-opinions-et-bulle-informative\">G\u00f6r\u00fc\u015fler ve bilgi balonuna kar\u015f\u0131 siyasi anketler<\/span><\/h2>\n\n\n\n<p>Dahas\u0131, kamuoyu ara\u015ft\u0131rmas\u0131n\u0131n s\u00fcrekli yay\u0131nlanmas\u0131 ve ulusal d\u00fczeyde te\u015fhir edilmesi, birbiriyle etkile\u015fim halinde olan iki psikolojik olguyla \u00e7at\u0131\u015f\u0131r: do\u011frulama yanl\u0131l\u0131\u011f\u0131, ki\u015finin bilgiyi d\u00fc\u015f\u00fcnceleri ve varsay\u0131mlar\u0131 do\u011frultusunda tercih etme e\u011filiminde oldu\u011fu anlam\u0131na gelir; ayn\u0131 zamanda, filtrelenen bilgi baloncuklar\u0131, benzer bilgi kaynaklar\u0131na sahip oldu\u011funu ve bu nedenle onunla ayn\u0131 fikirde olma e\u011filiminde oldu\u011funu (ister sosyal a\u011flardaki arkada\u015flar\u0131 olsun, isterse editoryal \u00e7izgileriyle halk taraf\u0131ndan bilinen geleneksel bilgi kaynaklar\u0131n\u0131 se\u00e7sin) tercih etmeye yol a\u00e7ar.<\/p>\n\n\n\n<p>Belirsizlik ve \u00f6nyarg\u0131l\u0131 \u00f6rneklerle kar\u015f\u0131 kar\u015f\u0131ya kalan tahmin ara\u00e7lar\u0131, <a href=\"https:\/\/parier-presidentielle.com\/tr\/bahisciler-anketler-cumhurbaskanligi-secimi\/\">Anketler <\/a>ortaya \u00e7\u0131kabilir ve san\u0131r\u0131m en alakal\u0131 olan\u0131 bir y\u0131l \u00f6nce bana uygunsuz g\u00f6r\u00fcnen \u015feydi: Unibet, Bwin, Betclic gibi sitelerle \u00e7evrimi\u00e7i kumar.<\/p>\n\n\n\n<h3 class=\"wp-block-heading\"><span id=\"les-elections-presidentielles-c8217est-comme-le-pmu\">Cumhurba\u015fkanl\u0131\u011f\u0131 Se\u00e7imleri PYB gibidir <\/span><\/h3>\n\n\n\n<p>\u0130lk <a href=\"https:\/\/parier-presidentielle.com\/tr\/\">se\u00e7im \u00fczerine bahis oynamak <\/a>yar\u0131\u015f pistinde g\u00f6rd\u00fc\u011f\u00fcn\u00fcze benziyor. Her aday\u0131n s\u00fcrekli de\u011fi\u015fen bir s\u0131ralamas\u0131 vard\u0131r. Bu, kamuoyu yoklamalar\u0131n\u0131, sosyo-ekonomik fakt\u00f6rleri, son olaylar\u0131, \u00f6nceki isti\u015farelerin sonu\u00e7lar\u0131n\u0131 ve zaten hesaplamalar\u0131nda kay\u0131tl\u0131 olan konular\u0131 entegre edebilen bilgisayar kullanan uzmanlar taraf\u0131ndan hesaplanmaktad\u0131r.<\/p>\n\n\n\n<p><\/p>\n\n\n\n<p>\u00d6rne\u011fin, bir bahis\u00e7i o geceki miktara bahis yaparsa, 10 Nisan ak\u015fam\u0131 se\u00e7ilecek ve ilk bahisini geri alarak miktar\u0131n\u0131 yakla\u015f\u0131k olarak art\u0131racakt\u0131r (siteye ba\u011fl\u0131 olarak 5\/6&#039;dan 11\/10&#039;a kadar) . A\u00e7\u0131k\u00e7as\u0131, e\u011fer ba\u015fkan olmazsa ilk iddiay\u0131 kesinlikle kaybedecek. Bu tablo g\u00f6z \u00f6n\u00fcne al\u0131nd\u0131\u011f\u0131nda, e\u011fer Nicolas Dupont-Aignan kazan\u0131rsa, \u00e7ok \u015fansl\u0131 veya \u00e7ok ileri g\u00f6r\u00fc\u015fl\u00fc bir ki\u015fi kendi bahisinin 1000 kat\u0131na kadar kazanabilir.<\/p>\n\n\n\n<p>Sonu\u00e7 olarak, bahis\u00e7iler potansiyel bahis\u00e7ileri sitelerine \u00e7ekmek i\u00e7in oranlar\u0131 art\u0131rmakla, kazanana fazla \u00f6deme yapmamak ve kazan\u00e7lar\u0131n\u0131 korumak i\u00e7in oranlar\u0131 d\u00fc\u015f\u00fcrmek aras\u0131nda karar vermek zorunda kalacaklar. Bu nedenle mekanizma kendi kendini d\u00fczenleme e\u011filimindedir, bu nedenle bu tablodaki puanlar \u00fczerinde bir fikir birli\u011fi g\u00f6r\u00fcyoruz, en y\u00fcksek puan alan \u00fc\u00e7 aday aras\u0131ndaki fark g\u00f6z ard\u0131 edilebilir, dolay\u0131s\u0131yla Unibet, Bwin, Betclic bahis \u015firketleri reklam teklifleri ve promosyon faaliyetleriyle rekabet ediyor. onlara.<\/p>\n\n\n\n<p><\/p>\n\n\n\n<h3 class=\"wp-block-heading\"><span id=\"un-bon-parieur-c8217est-un-bon-trader\">\u0130yi bir bahis\u00e7i iyi bir t\u00fcccard\u0131r<\/span><\/h3>\n\n\n\n<p>Buldu\u011fum ikinci bahis borsan\u0131n i\u015fleyi\u015fine benziyor. Site, hisse senedi gibi i\u015flev g\u00f6ren \u00fcr\u00fcnlerin ticaretinin yap\u0131ld\u0131\u011f\u0131 bir pazar yeridir. Evet \u00fcr\u00fcn\u00fc, temsil etti\u011fi aday se\u00e7imi kazan\u0131rsa se\u00e7im gecesi 1 $, aksi halde 0 \u00f6denecektir. Bunun tersine, Hay\u0131r \u00fcr\u00fcn\u00fc ise kaybederse 1 $ \u00f6denecek, kazan\u0131rsa de\u011fersiz olacakt\u0131r. Bu nedenle fiyat\u0131 sent cinsinden ifade edilen 0 $ ile 1 $ aras\u0131nda dalgalanabiliyor. Burada fiyat\u0131 belirlemek bahis\u00e7inin elindedir. Yat\u0131r\u0131mc\u0131, aday\u0131n hisselerine sahipse ve se\u00e7ilmeyece\u011fini d\u00fc\u015f\u00fcn\u00fcyorsa, al\u0131\u015f ve sat\u0131\u015f fiyatlar\u0131 birbirine yak\u0131n oldu\u011fu s\u00fcrece bunlar\u0131 ba\u015fka bir ki\u015fiye satabilir. Ancak t\u00fcm sat\u0131c\u0131lar, al\u0131c\u0131lar\u0131n \u00f6demek istemedi\u011fi bir fiyat istiyorsa anla\u015fma ger\u00e7ekle\u015fmeyecektir. <strong>Bu nedenle, g\u00f6r\u00fcnt\u00fclenen oranlar son i\u015flemin fiyat\u0131d\u0131r ve bu nedenle \u015fu veya bu aday i\u00e7in kazanma olas\u0131l\u0131\u011f\u0131na ili\u015fkin piyasa fikir birli\u011fini temsil eder.<\/strong>  <\/p>\n\n\n\n<p>Sonu\u00e7 olarak, bahis\u00e7iler se\u00e7imden \u00e7ok \u00f6nce kar veya zarar\u0131 kaydedebilirler. Bu aday\u0131n Evet hisselerini 5 \u015eubat&#039;ta sat\u0131n al\u0131p 21 \u015eubat&#039;ta satarak, 7 May\u0131s sonucunu g\u00f6z ard\u0131 etsem bile yakla\u015f\u0131k iki kat daha fazla ilk kat\u0131l\u0131m elde etmi\u015f olaca\u011f\u0131m. Yani ya nihai sonucu tahmin ederek ya da sadece belirli bir zaman dilimindeki e\u011filimleri tahmin ederek oyun oynayabiliriz. <\/p>\n\n\n\n<h2 class=\"wp-block-heading\"><span id=\"mieux-que-les-sondages-vouloir-gagner-son-paris-permet-de-trouver-le-vainqueur-final-de-l8217election-presidentielle\">Anketlerden daha iyi kazanmak isteyen Paris, ba\u015fkanl\u0131k se\u00e7iminin nihai kazanan\u0131n\u0131 bulman\u0131z\u0131 sa\u011flar <\/span><\/h2>\n\n\n\n<p>Her iki durumda da, anket ve sonu\u00e7lar\u0131yla ilgili psikolojik \u00f6nyarg\u0131lar a\u011f\u0131rla\u015ft\u0131r\u0131ld\u0131 \u00e7\u00fcnk\u00fc kat\u0131l\u0131mc\u0131lar istedikleri sonu\u00e7 \u00fczerine de\u011fil, olaca\u011f\u0131n\u0131 d\u00fc\u015f\u00fcnd\u00fckleri sonu\u00e7 \u00fczerine bahis oynamakla ilgileniyorlard\u0131. Bu nedenle, a\u00e7g\u00f6zl\u00fcl\u00fc\u011fe dayal\u0131 tahmin sistemi, ister g\u00f6n\u00fcll\u00fc ister g\u00f6n\u00fcls\u00fcz olsun, manip\u00fclasyona daha az duyarl\u0131 g\u00f6r\u00fcn\u00fcyor ve bahis\u00e7ilerin oyunu oynamakla hi\u00e7bir ilgisi yok. Ancak bu, sizin fikrinizin kar\u015f\u0131l\u0131\u011f\u0131n\u0131 \u00f6demenin etik oldu\u011fu zor soruyu g\u00fcndeme getiriyor\u2026.<\/p>\n\n\n\n<p class=\"has-text-align-center unibet\" style=\"font-size:25px\"><mark style=\"background-color:rgba(0, 0, 0, 0);color:#0d7a12\" class=\"has-inline-color\"><strong><a href=\"https:\/\/parier-presidentielle.com\/tr\/recommends\/unibet\/\">Unibet ile sunulan 150 \u20ac Bonus<br>1. Politik veya Spor Bahsiniz i\u00e7in: Buraya t\u0131klay\u0131n<\/a><\/strong><\/mark><\/p>\n\n\n\n<p><\/p>\n\n\n<div class=\"wp-block-image\">\n<figure class=\"aligncenter is-resized wp-duotone-000097-ff4747-6\"><img decoding=\"async\" loading=\"lazy\" src=\"https:\/\/parier-presidentielle.com\/wp-content\/uploads\/2021\/09\/election-standard-scale-4_00x-gigapixel-1024x623.jpg\" alt=\"Se\u00e7im 2022\" style=\"width:256px;height:156px\" width=\"256\" height=\"156\"\/><\/figure><\/div>\n\n\n<p><br><\/p>\n\n\n\n<p><strong>Parier-presidentielle, farkl\u0131 se\u00e7enekler aras\u0131nda se\u00e7im yapman\u0131za yard\u0131mc\u0131 olur.<a href=\"https:\/\/parier-presidentielle.com\/tr\/\"> Bahis\u00e7iler Bwin, Unibet, Betclic 2024&#039;te Gelece\u011fin Amerikan Ba\u015fkan\u0131na Bahis Yapacak<\/a> : <\/strong><br><a href=\"https:\/\/parier-presidentielle.com\/tr\/unibet-policy-secim-2022\/\">Unibet Cumhurba\u015fkanl\u0131\u011f\u0131 Bahis\u00e7isi<\/a> : T\u00fcm oranlarla \u00e7evrimi\u00e7i ilk bahsinizi yapmak ve sunulan Bonustan nas\u0131l yararlanaca\u011f\u0131n\u0131z konusunda ayr\u0131nt\u0131l\u0131 ve \u00fccretsiz rehber!<\/p>\n\n\n\n<p>Di\u011fer \u00e7evrimi\u00e7i bahis sitelerinin yan\u0131 s\u0131ra: <a href=\"https:\/\/parier-presidentielle.com\/tr\/unibet-policy-secim-2022\/\">Bwin<\/a>, <a href=\"https:\/\/parier-presidentielle.com\/tr\/netbet-paris-politika-secim-2022\/\">NetBet<\/a>, <a href=\"https:\/\/parier-presidentielle.com\/tr\/betclic-baskanlik-2022\/\">Betclic<\/a>, <a href=\"https:\/\/parier-presidentielle.com\/tr\/winamax-policy-secim-2022\/\">Winamax<\/a>, Parions Sport, Zebet, Betway, France-Pari, Vbet, Cloudbet, 1Xbit, 1xbet, Betfair, Betwinner\u2026<\/p>\n\n\n\n<div class=\"wp-block-columns is-layout-flex wp-container-11 wp-block-columns-is-layout-flex\">\n<div class=\"wp-block-column is-layout-flow wp-block-column-is-layout-flow\" style=\"flex-basis:33.33%\">\n<p>Dosyam\u0131z\u0131 okudunuz:<\/p>\n<\/div>\n\n\n\n<div class=\"wp-block-column is-layout-flow wp-block-column-is-layout-flow\" style=\"flex-basis:33.33%\">\n<div class=\"wp-block-group is-layout-flow wp-block-group-is-layout-flow\"><div class=\"wp-block-group__inner-container\"><h4 class=\"has-text-align-center wp-block-post-title\"><span id=\"les-bookmakers-plus-fiable-que-les-sondages-pour-l8217election-presidentielle\"><a href=\"https:\/\/parier-presidentielle.com\/tr\/bahisciler-anketler-cumhurbaskanligi-secimi\/\" target=\"_self\" >Bahis\u00e7iler: ba\u015fkanl\u0131k se\u00e7imlerinde anketlerden daha g\u00fcvenilir<\/a><\/span><\/h4><\/div><\/div>\n<\/div>\n\n\n\n<div class=\"wp-block-column is-layout-flow wp-block-column-is-layout-flow\" style=\"flex-basis:33.33%\">\n<p class=\"has-text-align-right\">Di\u011fer \u00f6zel dosyalar\u0131m\u0131zla okumaya devam edin,<\/p>\n<\/div>\n<\/div>\n\n\n\n<h3 class=\"wp-block-heading\" id=\"tous-les-pronostics-sondage-et-cotes-pour-parier-sur-le-futur-vainqueur-de-l-election-presidentielle-2022\"><span id=\"tous-les-pronostics-sondage-et-cotes-pour-parier-sur-le-futur-vainqueur-de-l8217election-presidentielle-2024\">2024 Cumhurba\u015fkanl\u0131\u011f\u0131 se\u00e7iminin gelecekteki kazanan\u0131na dair bahis yap\u0131labilecek t\u00fcm Tahminler, Anketler ve Oranlar:<\/span><\/h3>\n\n\n\n<ul>\n<li><a href=\"https:\/\/parier-presidentielle.com\/tr\/macron-secim\/\">Unibet, Betclic, Bwin ile Emmanuel Macron&#039;a bahis yap\u0131n<\/a> : Anketlerin ve tahminlerin favorisi <\/li>\n\n\n\n<li><a href=\"https:\/\/parier-presidentielle.com\/tr\/marine-le-pen-secim\/\">Marine Le Pen: Oranlar\u0131 ve Bahis\u00e7iler ile nas\u0131l bahis oynan\u0131r<\/a>: Unibet&#039;e g\u00f6re meydan okuyan<\/li>\n<\/ul>\n\n\n\n<p><\/p>\n\n\n\n<center><script type=\"text\/javascript\" charset=\"utf-8\" src=\"https:\/\/www.gambling-affiliation.com\/cpm\/v=AmIMTDSs92QY6b0MzDMvM5laCjJ-ZlA-1oQ-7tKsi.w_GA7331V2\"><\/script><\/center>\n\n\n\n<h3 class=\"wp-block-heading\"><span id=\"donald-trump-vs-joe-biden-la-video-qui-lance-les-paris-en-ligne-sur-l8217election-politique-de-2024\">Donald Trump vs Joe Biden: 2024 siyasi se\u00e7imlerinde \u00e7evrimi\u00e7i bahis oynamay\u0131 ba\u015flatan video<\/span><\/h3>\n\n\n\n<figure class=\"wp-block-embed is-type-video is-provider-youtube wp-block-embed-youtube wp-embed-aspect-16-9 wp-has-aspect-ratio\"><div class=\"wp-block-embed__wrapper\">\n<iframe loading=\"lazy\" title=\"Eski Ba\u015fkan Donald Trump, 2024 Beyaz Saray teklifini ba\u015flatt\u0131 #Short\" width=\"640\" height=\"360\" src=\"https:\/\/www.youtube.com\/embed\/hZykPRVe4Ag?feature=oembed\" frameborder=\"0\" allow=\"accelerometer; autoplay; clipboard-write; encrypted-media; gyroscope; picture-in-picture; web-share\" allowfullscreen><\/iframe>\n<\/div><\/figure>\n\n\n<div class=\"wp-block-image\">\n<figure class=\"aligncenter size-medium\"><a href=\"https:\/\/parier-presidentielle.com\/tr\/recommends\/unibet\/\" target=\"_blank\" rel=\"noopener\"><img decoding=\"async\" loading=\"lazy\" width=\"300\" height=\"169\" src=\"https:\/\/parier-presidentielle.com\/wp-content\/uploads\/2022\/04\/unibet-300x169.jpg\" alt=\"\" class=\"wp-image-1252\" srcset=\"https:\/\/parier-presidentielle.com\/wp-content\/uploads\/2022\/04\/unibet-300x169.jpg 300w, https:\/\/parier-presidentielle.com\/wp-content\/uploads\/2022\/04\/unibet-1024x576.jpg 1024w, https:\/\/parier-presidentielle.com\/wp-content\/uploads\/2022\/04\/unibet-768x432.jpg 768w, https:\/\/parier-presidentielle.com\/wp-content\/uploads\/2022\/04\/unibet-18x10.jpg 18w, https:\/\/parier-presidentielle.com\/wp-content\/uploads\/2022\/04\/unibet.jpg 1280w\" sizes=\"(max-width: 300px) 100vw, 300px\" \/><\/a><\/figure><\/div>\n\n\n<p>Esrar ve yasal t\u00fcrevleriyle ilgili ana siyasi haber olan Wiki&#039;yi bulun: <strong>HHC, H4cbd, Thcp, Thcv, HSD, HHCPO, C4B<\/strong><\/p>\n\n\n\n<p><\/p>\n<div id=\"toc_container\" class=\"no_bullets\"><p class=\"toc_title\">\u0130\u00e7indekiler<\/p><ul class=\"toc_list\"><li><\/li><li><ul><li><\/li><li><\/li><\/ul><\/li><li><ul><li><ul><li><\/li><\/ul><\/li><li><\/li><li><\/li><\/ul><\/li><\/ul><\/div>","protected":false},"excerpt":{"rendered":"<p>Le Paradoxe des sondages politiques Plus les gens apprenaient les techniques de sondage et \u00e9taient expos\u00e9s aux r\u00e9sultats, plus les r\u00e9sultats devenaient biais\u00e9s. Pourquoi? Malgr\u00e9 leur longue histoire, les sondages pr\u00e9\u00e9lectoraux ont un d\u00e9faut majeur\u00a0: les r\u00e9pondants ont le libre arbitre de mentir, de changer d&#8217;avis et de tricher sur les bulletins de vote pass\u00e9s. &#8230;<\/p>","protected":false},"author":1,"featured_media":0,"parent":0,"menu_order":0,"comment_status":"closed","ping_status":"closed","template":"page-nosidebar.php","meta":{"footnotes":""},"yoast_head":"<!-- This site is optimized with the Yoast SEO Premium plugin v21.0 (Yoast SEO v21.0) - https:\/\/yoast.com\/wordpress\/plugins\/seo\/ -->\n<title>Les Bookmakers : plus fiable que les Sondages pour l&#039;\u00e9lection pr\u00e9sidentielle - Finale Coupe du Monde FIFA<\/title>\n<meta name=\"description\" content=\"Les cotes des bookmakers sont plus fiable que les sondage pour la Politique : Pourquoi et comment en profiter?\" \/>\n<meta name=\"robots\" content=\"index, follow, max-snippet:-1, max-image-preview:large, max-video-preview:-1\" \/>\n<link rel=\"canonical\" href=\"https:\/\/parier-presidentielle.com\/tr\/bahisciler-anketler-cumhurbaskanligi-secimi\/\" \/>\n<meta property=\"og:locale\" content=\"tr_TR\" \/>\n<meta property=\"og:type\" content=\"article\" \/>\n<meta property=\"og:title\" content=\"Les Bookmakers : plus fiable que les Sondages pour l&#039;\u00e9lection pr\u00e9sidentielle\" \/>\n<meta property=\"og:description\" content=\"Les cotes des bookmakers sont plus fiable que les sondage pour la Politique : Pourquoi et comment en profiter?\" \/>\n<meta property=\"og:url\" content=\"https:\/\/parier-presidentielle.com\/tr\/bahisciler-anketler-cumhurbaskanligi-secimi\/\" \/>\n<meta property=\"og:site_name\" content=\"Parier Pr\u00e9sidentielle\" \/>\n<meta property=\"article:modified_time\" content=\"2022-03-30T21:38:42+00:00\" \/>\n<meta property=\"og:image\" content=\"https:\/\/parier-presidentielle.com\/wp-content\/uploads\/2022\/03\/bookmakers-sondages-election-presidentielle-1024x545.jpg\" \/>\n<meta name=\"twitter:card\" content=\"summary_large_image\" \/>\n<meta name=\"twitter:label1\" content=\"Est. reading time\" \/>\n\t<meta name=\"twitter:data1\" content=\"5 dakika\" \/>\n<script type=\"application\/ld+json\" class=\"yoast-schema-graph\">{\"@context\":\"https:\/\/schema.org\",\"@graph\":[{\"@type\":\"WebPage\",\"@id\":\"https:\/\/parier-presidentielle.com\/bookmakers-sondages-election-presidentielle\/\",\"url\":\"https:\/\/parier-presidentielle.com\/bookmakers-sondages-election-presidentielle\/\",\"name\":\"Les Bookmakers : plus fiable que les Sondages pour l'\u00e9lection pr\u00e9sidentielle - Finale Coupe du Monde FIFA\",\"isPartOf\":{\"@id\":\"https:\/\/parier-presidentielle.com\/#website\"},\"datePublished\":\"2022-03-08T14:51:23+00:00\",\"dateModified\":\"2022-03-30T21:38:42+00:00\",\"description\":\"Les cotes des bookmakers sont plus fiable que les sondage pour la Politique : Pourquoi et comment en profiter?\",\"breadcrumb\":{\"@id\":\"https:\/\/parier-presidentielle.com\/bookmakers-sondages-election-presidentielle\/#breadcrumb\"},\"inLanguage\":\"tr\",\"potentialAction\":[{\"@type\":\"ReadAction\",\"target\":[\"https:\/\/parier-presidentielle.com\/bookmakers-sondages-election-presidentielle\/\"]}]},{\"@type\":\"BreadcrumbList\",\"@id\":\"https:\/\/parier-presidentielle.com\/bookmakers-sondages-election-presidentielle\/#breadcrumb\",\"itemListElement\":[{\"@type\":\"ListItem\",\"position\":1,\"name\":\"Accueil\",\"item\":\"https:\/\/parier-presidentielle.com\/\"},{\"@type\":\"ListItem\",\"position\":2,\"name\":\"Les Bookmakers : plus fiable que les Sondages pour l&rsquo;\u00e9lection pr\u00e9sidentielle\"}]},{\"@type\":\"WebSite\",\"@id\":\"https:\/\/parier-presidentielle.com\/#website\",\"url\":\"https:\/\/parier-presidentielle.com\/\",\"name\":\"Parier Pr\u00e9sidentielle\",\"description\":\"Paris, Pronostics, Wiki sur la Politique, les Elections Am\u00e9ricaines: Joe Biden, Donald Trump avec les Bookmakers en ligne Unibet, Bwin, Betclic, Winamax\",\"potentialAction\":[{\"@type\":\"SearchAction\",\"target\":{\"@type\":\"EntryPoint\",\"urlTemplate\":\"https:\/\/parier-presidentielle.com\/?s={search_term_string}\"},\"query-input\":\"required name=search_term_string\"}],\"inLanguage\":\"tr\"}]}<\/script>\n<!-- \/ Yoast SEO Premium plugin. -->","yoast_head_json":{"title":"Les Bookmakers : plus fiable que les Sondages pour l'\u00e9lection pr\u00e9sidentielle - Finale Coupe du Monde FIFA","description":"Les cotes des bookmakers sont plus fiable que les sondage pour la Politique : Pourquoi et comment en profiter?","robots":{"index":"index","follow":"follow","max-snippet":"max-snippet:-1","max-image-preview":"max-image-preview:large","max-video-preview":"max-video-preview:-1"},"canonical":"https:\/\/parier-presidentielle.com\/tr\/bahisciler-anketler-cumhurbaskanligi-secimi\/","og_locale":"tr_TR","og_type":"article","og_title":"Les Bookmakers : plus fiable que les Sondages pour l'\u00e9lection pr\u00e9sidentielle","og_description":"Les cotes des bookmakers sont plus fiable que les sondage pour la Politique : Pourquoi et comment en profiter?","og_url":"https:\/\/parier-presidentielle.com\/tr\/bahisciler-anketler-cumhurbaskanligi-secimi\/","og_site_name":"Parier Pr\u00e9sidentielle","article_modified_time":"2022-03-30T21:38:42+00:00","og_image":[{"url":"https:\/\/parier-presidentielle.com\/wp-content\/uploads\/2022\/03\/bookmakers-sondages-election-presidentielle-1024x545.jpg"}],"twitter_card":"summary_large_image","twitter_misc":{"Est. reading time":"5 dakika"},"schema":{"@context":"https:\/\/schema.org","@graph":[{"@type":"WebPage","@id":"https:\/\/parier-presidentielle.com\/bookmakers-sondages-election-presidentielle\/","url":"https:\/\/parier-presidentielle.com\/bookmakers-sondages-election-presidentielle\/","name":"Les Bookmakers : plus fiable que les Sondages pour l'\u00e9lection pr\u00e9sidentielle - Finale Coupe du Monde FIFA","isPartOf":{"@id":"https:\/\/parier-presidentielle.com\/#website"},"datePublished":"2022-03-08T14:51:23+00:00","dateModified":"2022-03-30T21:38:42+00:00","description":"Les cotes des bookmakers sont plus fiable que les sondage pour la Politique : Pourquoi et comment en profiter?","breadcrumb":{"@id":"https:\/\/parier-presidentielle.com\/bookmakers-sondages-election-presidentielle\/#breadcrumb"},"inLanguage":"tr","potentialAction":[{"@type":"ReadAction","target":["https:\/\/parier-presidentielle.com\/bookmakers-sondages-election-presidentielle\/"]}]},{"@type":"BreadcrumbList","@id":"https:\/\/parier-presidentielle.com\/bookmakers-sondages-election-presidentielle\/#breadcrumb","itemListElement":[{"@type":"ListItem","position":1,"name":"Accueil","item":"https:\/\/parier-presidentielle.com\/"},{"@type":"ListItem","position":2,"name":"Les Bookmakers : plus fiable que les Sondages pour l&rsquo;\u00e9lection pr\u00e9sidentielle"}]},{"@type":"WebSite","@id":"https:\/\/parier-presidentielle.com\/#website","url":"https:\/\/parier-presidentielle.com\/","name":"Parier Pr\u00e9sidentielle","description":"Paris, Pronostics, Wiki sur la Politique, les Elections Am\u00e9ricaines: Joe Biden, Donald Trump avec les Bookmakers en ligne Unibet, Bwin, Betclic, Winamax","potentialAction":[{"@type":"SearchAction","target":{"@type":"EntryPoint","urlTemplate":"https:\/\/parier-presidentielle.com\/?s={search_term_string}"},"query-input":"required name=search_term_string"}],"inLanguage":"tr"}]}},"_links":{"self":[{"href":"https:\/\/parier-presidentielle.com\/tr\/wp-json\/wp\/v2\/pages\/951"}],"collection":[{"href":"https:\/\/parier-presidentielle.com\/tr\/wp-json\/wp\/v2\/pages"}],"about":[{"href":"https:\/\/parier-presidentielle.com\/tr\/wp-json\/wp\/v2\/types\/page"}],"author":[{"embeddable":true,"href":"https:\/\/parier-presidentielle.com\/tr\/wp-json\/wp\/v2\/users\/1"}],"replies":[{"embeddable":true,"href":"https:\/\/parier-presidentielle.com\/tr\/wp-json\/wp\/v2\/comments?post=951"}],"version-history":[{"count":10,"href":"https:\/\/parier-presidentielle.com\/tr\/wp-json\/wp\/v2\/pages\/951\/revisions"}],"predecessor-version":[{"id":1111,"href":"https:\/\/parier-presidentielle.com\/tr\/wp-json\/wp\/v2\/pages\/951\/revisions\/1111"}],"wp:attachment":[{"href":"https:\/\/parier-presidentielle.com\/tr\/wp-json\/wp\/v2\/media?parent=951"}],"curies":[{"name":"wp","href":"https:\/\/api.w.org\/{rel}","templated":true}]}}